{"id":2,"date":"2021-05-30T14:08:16","date_gmt":"2021-05-30T13:08:16","guid":{"rendered":"https:\/\/gpsites.co\/construction\/?page_id=2"},"modified":"2025-02-13T17:33:02","modified_gmt":"2025-02-13T17:33:02","slug":"home","status":"publish","type":"page","link":"https:\/\/wasadesign.fi\/sv\/","title":{"rendered":"Framsida"},"content":{"rendered":"<section class=\"gb-container gb-container-44ec79a4\">\n<div class=\"gb-container gb-container-5952bb85\">\n<div class=\"gb-container gb-container-82326bfa\">\n<div class=\"gb-container gb-container-d9ccd297\"><\/div>\n\n\n<p class=\"gb-headline gb-headline-be558a16 gb-headline-text home-heading\">The details are not the details. They make the design.<\/p>\n\n\n<div class=\"gb-container gb-container-c269454c\"><\/div>\n<\/div>\n\n\n<a class=\"gb-button gb-button-ae6e7119\" href=\"https:\/\/wasadesign.fi\/sv\/contacts\/\"><span class=\"gb-button-text\">Ta kontakt<\/span><span class=\"gb-icon\"><svg viewbox=\"0 0 44.952 44.952\" xmlns=\"http:\/\/www.w3.org\/2000\/svg\"><path d=\"M44.952 22.108c0-1.25-.478-2.424-1.362-3.308L30.627 5.831a2.5 2.5 0 0 0-3.536 0 2.511 2.511 0 0 0 0 3.546l10.574 10.57H2.484C1.102 19.948 0 21.081 0 22.464v.028c0 1.382 1.102 2.523 2.484 2.523h35.182L27.094 35.579a2.504 2.504 0 0 0 3.538 3.54l12.958-12.97a4.633 4.633 0 0 0 1.362-3.309v-.732z\"><\/path><\/svg><\/span><\/a>\n\n<\/div>\n<\/section>\n\n<section class=\"gb-container gb-container-4663a117\">\n<div class=\"gb-container gb-container-33d09e17\">\n\n<h2 class=\"gb-headline gb-headline-295d717b gb-headline-text\">Vi f\u00f6rverkligar dina dr\u00f6mmar.<\/h2>\n\n\n\n<p class=\"has-contrast-color has-text-color has-link-color wp-elements-0a785d3563d3fe9d0b59a204e2df6600\">Hos oss kan du f\u00e5 en monteringstj\u00e4nst f\u00f6r alla fasta m\u00f6bler i hemmet. V\u00e5ra installat\u00f6rer har l\u00e5ng och gedigen erfarenhet av montering av fasta m\u00f6bler och utf\u00f6r sitt arbete med stort hj\u00e4rta och precision.<\/p>\n\n\n\n<p class=\"has-contrast-color has-text-color has-link-color wp-elements-62c15b95cad7c9cca0a642cc88b9ae5e\"><strong>\u00c4r du i startgroparna f\u00f6r ett nybygge eller en omfattande renovering? <\/strong>Fast inredning som k\u00f6k, hj\u00e4lpk\u00f6k och garderober \u00e4r en stor och inte minst viktig del av husets helhet och beh\u00f6ver tas i beaktande redan vid planeringskedet f\u00f6r ritningar och bygglov. Vi \u00e4r g\u00e4rna med i ert byggprojekt redan fr\u00e5n f\u00f6rsta b\u00f6rjan fram till inflytt, och tiotals \u00e5r fram\u00f6ver i form av inredning i ert hus.<\/p>\n\n<\/div>\n\n<div class=\"gb-container gb-container-e4967560\">\n<div class=\"gb-grid-wrapper gb-grid-wrapper-21b54323\">\n<div class=\"gb-grid-column gb-grid-column-390187e9\"><div class=\"gb-container gb-container-390187e9\">\n\n<figure class=\"gb-block-image gb-block-image-20d82fb0\"><img loading=\"lazy\" decoding=\"async\" width=\"800\" height=\"600\" class=\"gb-image gb-image-20d82fb0\" src=\"https:\/\/wasadesign.fi\/wp-content\/uploads\/2024\/12\/3ee339b2-d490-43da-a319-9a72e1a9a903.jpg\" srcset=\"https:\/\/wasadesign.fi\/wp-content\/uploads\/2024\/12\/3ee339b2-d490-43da-a319-9a72e1a9a903.jpg 800w, https:\/\/wasadesign.fi\/wp-content\/uploads\/2024\/12\/3ee339b2-d490-43da-a319-9a72e1a9a903-300x225.jpg 300w, https:\/\/wasadesign.fi\/wp-content\/uploads\/2024\/12\/3ee339b2-d490-43da-a319-9a72e1a9a903-768x576.jpg 768w\" sizes=\"auto, (max-width: 800px) 100vw, 800px\" \/><\/figure>\n\n<\/div><\/div>\n\n<div class=\"gb-grid-column gb-grid-column-159508fb\"><div class=\"gb-container gb-container-159508fb\">\n\n<figure class=\"gb-block-image gb-block-image-9baf6e08\"><img loading=\"lazy\" decoding=\"async\" width=\"600\" height=\"600\" class=\"gb-image gb-image-9baf6e08\" src=\"https:\/\/wasadesign.fi\/wp-content\/uploads\/2024\/12\/326754644-8626413924097906-610427188697245629-n.jpg\" alt=\"\" title=\"326754644-8626413924097906-610427188697245629-n\" srcset=\"https:\/\/wasadesign.fi\/wp-content\/uploads\/2024\/12\/326754644-8626413924097906-610427188697245629-n.jpg 600w, https:\/\/wasadesign.fi\/wp-content\/uploads\/2024\/12\/326754644-8626413924097906-610427188697245629-n-300x300.jpg 300w, https:\/\/wasadesign.fi\/wp-content\/uploads\/2024\/12\/326754644-8626413924097906-610427188697245629-n-150x150.jpg 150w\" sizes=\"auto, (max-width: 600px) 100vw, 600px\" \/><\/figure>\n\n<\/div><\/div>\n\n<div class=\"gb-grid-column gb-grid-column-407b9a63\"><div class=\"gb-container gb-container-407b9a63\">\n\n<figure class=\"gb-block-image gb-block-image-9bcedb44\"><img loading=\"lazy\" decoding=\"async\" width=\"1024\" height=\"683\" class=\"gb-image gb-image-9bcedb44\" src=\"https:\/\/wasadesign.fi\/wp-content\/uploads\/2025\/02\/17.43.40_b9ff596d-1024x683.jpg\" alt=\"\" title=\"17.43.40_b9ff596d\" srcset=\"https:\/\/wasadesign.fi\/wp-content\/uploads\/2025\/02\/17.43.40_b9ff596d-1024x683.jpg 1024w, https:\/\/wasadesign.fi\/wp-content\/uploads\/2025\/02\/17.43.40_b9ff596d-300x200.jpg 300w, https:\/\/wasadesign.fi\/wp-content\/uploads\/2025\/02\/17.43.40_b9ff596d-768x512.jpg 768w, https:\/\/wasadesign.fi\/wp-content\/uploads\/2025\/02\/17.43.40_b9ff596d-1536x1025.jpg 1536w, https:\/\/wasadesign.fi\/wp-content\/uploads\/2025\/02\/17.43.40_b9ff596d-18x12.jpg 18w, https:\/\/wasadesign.fi\/wp-content\/uploads\/2025\/02\/17.43.40_b9ff596d.jpg 2048w\" sizes=\"auto, (max-width: 1024px) 100vw, 1024px\" \/><\/figure>\n\n<\/div><\/div>\n\n<div class=\"gb-grid-column gb-grid-column-5d2f8641\"><div class=\"gb-container gb-container-5d2f8641\">\n\n<figure class=\"gb-block-image gb-block-image-9e6afb6f\"><img loading=\"lazy\" decoding=\"async\" width=\"640\" height=\"360\" class=\"gb-image gb-image-9e6afb6f\" src=\"https:\/\/wasadesign.fi\/wp-content\/uploads\/2021\/12\/daniel-mccullough-HtBlQdxfG9k-unsplash.jpg\" alt=\"\" title=\"daniel-mccullough-HtBlQdxfG9k-unsplash\" srcset=\"https:\/\/wasadesign.fi\/wp-content\/uploads\/2021\/12\/daniel-mccullough-HtBlQdxfG9k-unsplash.jpg 640w, https:\/\/wasadesign.fi\/wp-content\/uploads\/2021\/12\/daniel-mccullough-HtBlQdxfG9k-unsplash-300x169.jpg 300w\" sizes=\"auto, (max-width: 640px) 100vw, 640px\" \/><\/figure>\n\n<\/div><\/div>\n<\/div>\n<\/div>\n<\/section>\n\n<section class=\"gb-container gb-container-6fce1528\">\n\n<hr class=\"wp-block-separator has-alpha-channel-opacity is-style-dots\"\/>\n\n\n<div class=\"gb-grid-wrapper gb-grid-wrapper-d1958bc4\">\n<div class=\"gb-grid-column gb-grid-column-2c77f93a\"><div class=\"gb-container gb-container-2c77f93a\">\n\n<h4 class=\"wp-block-heading\">Installationstj\u00e4nster<\/h4>\n\n\n\n<figure class=\"gb-block-image gb-block-image-fb38e3c6\"><a href=\"https:\/\/wasadesign.fi\/sv\/palvelut\/\"><img loading=\"lazy\" decoding=\"async\" width=\"800\" height=\"547\" class=\"gb-image gb-image-fb38e3c6\" src=\"https:\/\/wasadesign.fi\/wp-content\/uploads\/2024\/12\/puustelli-vaasa-asennus2.png\" srcset=\"https:\/\/wasadesign.fi\/wp-content\/uploads\/2024\/12\/puustelli-vaasa-asennus2.png 800w, https:\/\/wasadesign.fi\/wp-content\/uploads\/2024\/12\/puustelli-vaasa-asennus2-300x205.png 300w, https:\/\/wasadesign.fi\/wp-content\/uploads\/2024\/12\/puustelli-vaasa-asennus2-768x525.png 768w\" sizes=\"auto, (max-width: 800px) 100vw, 800px\" \/><\/a><\/figure>\n\n\n\n<a class=\"gb-button gb-button-74aeb055\" href=\"https:\/\/wasadesign.fi\/sv\/palvelut\/\"><span class=\"gb-button-text\">L\u00e4s mera<\/span><span class=\"gb-icon\"><svg viewbox=\"0 0 44.952 44.952\" xmlns=\"http:\/\/www.w3.org\/2000\/svg\"><path d=\"M44.952 22.108c0-1.25-.478-2.424-1.362-3.308L30.627 5.831a2.5 2.5 0 0 0-3.536 0 2.511 2.511 0 0 0 0 3.546l10.574 10.57H2.484C1.102 19.948 0 21.081 0 22.464v.028c0 1.382 1.102 2.523 2.484 2.523h35.182L27.094 35.579a2.504 2.504 0 0 0 3.538 3.54l12.958-12.97a4.633 4.633 0 0 0 1.362-3.309v-.732z\"><\/path><\/svg><\/span><\/a>\n\n<\/div><\/div>\n\n<div class=\"gb-grid-column gb-grid-column-1569da27\"><div class=\"gb-container gb-container-1569da27\">\n\n<h4 class=\"wp-block-heading\">Inredningsplanering<\/h4>\n\n\n\n<figure class=\"gb-block-image gb-block-image-300345af\"><a href=\"https:\/\/wasadesign.fi\/sv\/palvelut\/\"><img loading=\"lazy\" decoding=\"async\" width=\"800\" height=\"533\" class=\"gb-image gb-image-300345af\" src=\"https:\/\/wasadesign.fi\/wp-content\/uploads\/2024\/12\/img-3910.jpg\" alt=\"\" title=\"img-3910\" srcset=\"https:\/\/wasadesign.fi\/wp-content\/uploads\/2024\/12\/img-3910.jpg 800w, https:\/\/wasadesign.fi\/wp-content\/uploads\/2024\/12\/img-3910-300x200.jpg 300w, https:\/\/wasadesign.fi\/wp-content\/uploads\/2024\/12\/img-3910-768x512.jpg 768w\" sizes=\"auto, (max-width: 800px) 100vw, 800px\" \/><\/a><\/figure>\n\n\n\n<a class=\"gb-button gb-button-b32cff15\" href=\"https:\/\/wasadesign.fi\/sv\/palvelut\/\"><span class=\"gb-button-text\">L\u00e4s mera<\/span><span class=\"gb-icon\"><svg viewbox=\"0 0 44.952 44.952\" xmlns=\"http:\/\/www.w3.org\/2000\/svg\"><path d=\"M44.952 22.108c0-1.25-.478-2.424-1.362-3.308L30.627 5.831a2.5 2.5 0 0 0-3.536 0 2.511 2.511 0 0 0 0 3.546l10.574 10.57H2.484C1.102 19.948 0 21.081 0 22.464v.028c0 1.382 1.102 2.523 2.484 2.523h35.182L27.094 35.579a2.504 2.504 0 0 0 3.538 3.54l12.958-12.97a4.633 4.633 0 0 0 1.362-3.309v-.732z\"><\/path><\/svg><\/span><\/a>\n\n<\/div><\/div>\n\n<div class=\"gb-grid-column gb-grid-column-a445750b\"><div class=\"gb-container gb-container-a445750b\">\n\n<h4 class=\"wp-block-heading\">Renoveringstj\u00e4nster<\/h4>\n\n\n\n<figure class=\"gb-block-image gb-block-image-ccdca9c9\"><a href=\"https:\/\/wasadesign.fi\/sv\/palvelut\/\"><img loading=\"lazy\" decoding=\"async\" width=\"1365\" height=\"2048\" class=\"gb-image gb-image-ccdca9c9\" src=\"https:\/\/wasadesign.fi\/wp-content\/uploads\/2025\/02\/17.43.40_802fc822.jpg\" alt=\"\" title=\"17.43.40_802fc822\" srcset=\"https:\/\/wasadesign.fi\/wp-content\/uploads\/2025\/02\/17.43.40_802fc822.jpg 1365w, https:\/\/wasadesign.fi\/wp-content\/uploads\/2025\/02\/17.43.40_802fc822-200x300.jpg 200w, https:\/\/wasadesign.fi\/wp-content\/uploads\/2025\/02\/17.43.40_802fc822-683x1024.jpg 683w, https:\/\/wasadesign.fi\/wp-content\/uploads\/2025\/02\/17.43.40_802fc822-768x1152.jpg 768w, https:\/\/wasadesign.fi\/wp-content\/uploads\/2025\/02\/17.43.40_802fc822-1024x1536.jpg 1024w, https:\/\/wasadesign.fi\/wp-content\/uploads\/2025\/02\/17.43.40_802fc822-8x12.jpg 8w\" sizes=\"auto, (max-width: 1365px) 100vw, 1365px\" \/><\/a><\/figure>\n\n\n\n<a class=\"gb-button gb-button-73104567\" href=\"https:\/\/wasadesign.fi\/sv\/palvelut\/\"><span class=\"gb-button-text\">L\u00e4s mera<\/span><span class=\"gb-icon\"><svg viewbox=\"0 0 44.952 44.952\" xmlns=\"http:\/\/www.w3.org\/2000\/svg\"><path d=\"M44.952 22.108c0-1.25-.478-2.424-1.362-3.308L30.627 5.831a2.5 2.5 0 0 0-3.536 0 2.511 2.511 0 0 0 0 3.546l10.574 10.57H2.484C1.102 19.948 0 21.081 0 22.464v.028c0 1.382 1.102 2.523 2.484 2.523h35.182L27.094 35.579a2.504 2.504 0 0 0 3.538 3.54l12.958-12.97a4.633 4.633 0 0 0 1.362-3.309v-.732z\"><\/path><\/svg><\/span><\/a>\n\n<\/div><\/div>\n\n<div class=\"gb-grid-column gb-grid-column-9ca23d97\"><div class=\"gb-container gb-container-9ca23d97\">\n\n<h4 class=\"wp-block-heading\">Fast inredning<\/h4>\n\n\n\n<figure class=\"gb-block-image gb-block-image-b9383b11\"><a href=\"https:\/\/wasadesign.fi\/sv\/palvelut\/\"><img loading=\"lazy\" decoding=\"async\" width=\"800\" height=\"600\" class=\"gb-image gb-image-b9383b11\" src=\"https:\/\/wasadesign.fi\/wp-content\/uploads\/2024\/12\/badrum-01.jpg\" alt=\"\" title=\"badrum-01\" srcset=\"https:\/\/wasadesign.fi\/wp-content\/uploads\/2024\/12\/badrum-01.jpg 800w, https:\/\/wasadesign.fi\/wp-content\/uploads\/2024\/12\/badrum-01-300x225.jpg 300w, https:\/\/wasadesign.fi\/wp-content\/uploads\/2024\/12\/badrum-01-768x576.jpg 768w\" sizes=\"auto, (max-width: 800px) 100vw, 800px\" \/><\/a><\/figure>\n\n\n\n<a class=\"gb-button gb-button-7d02acb3\" href=\"https:\/\/wasadesign.fi\/sv\/palvelut\/\"><span class=\"gb-button-text\">L\u00e4s mera<\/span><span class=\"gb-icon\"><svg viewbox=\"0 0 44.952 44.952\" xmlns=\"http:\/\/www.w3.org\/2000\/svg\"><path d=\"M44.952 22.108c0-1.25-.478-2.424-1.362-3.308L30.627 5.831a2.5 2.5 0 0 0-3.536 0 2.511 2.511 0 0 0 0 3.546l10.574 10.57H2.484C1.102 19.948 0 21.081 0 22.464v.028c0 1.382 1.102 2.523 2.484 2.523h35.182L27.094 35.579a2.504 2.504 0 0 0 3.538 3.54l12.958-12.97a4.633 4.633 0 0 0 1.362-3.309v-.732z\"><\/path><\/svg><\/span><\/a>\n\n<\/div><\/div>\n<\/div>\n\n\n<hr class=\"wp-block-separator has-alpha-channel-opacity is-style-dots\"\/>\n\n\n\n<div class=\"wp-block-media-text is-stacked-on-mobile\" style=\"grid-template-columns:25% auto\"><figure class=\"wp-block-media-text__media\"><img loading=\"lazy\" decoding=\"async\" width=\"675\" height=\"1024\" src=\"https:\/\/wasadesign.fi\/wp-content\/uploads\/2025\/02\/17.46.11_6504211a-675x1024.jpg\" alt=\"\" class=\"wp-image-1237 size-full\" srcset=\"https:\/\/wasadesign.fi\/wp-content\/uploads\/2025\/02\/17.46.11_6504211a-675x1024.jpg 675w, https:\/\/wasadesign.fi\/wp-content\/uploads\/2025\/02\/17.46.11_6504211a-198x300.jpg 198w, https:\/\/wasadesign.fi\/wp-content\/uploads\/2025\/02\/17.46.11_6504211a-768x1166.jpg 768w, https:\/\/wasadesign.fi\/wp-content\/uploads\/2025\/02\/17.46.11_6504211a-1012x1536.jpg 1012w, https:\/\/wasadesign.fi\/wp-content\/uploads\/2025\/02\/17.46.11_6504211a-8x12.jpg 8w, https:\/\/wasadesign.fi\/wp-content\/uploads\/2025\/02\/17.46.11_6504211a.jpg 1187w\" sizes=\"auto, (max-width: 675px) 100vw, 675px\" \/><\/figure><div class=\"wp-block-media-text__content\">\n<p class=\"has-contrast-color has-text-color has-link-color wp-elements-21b267501651654b2eb5f17df943a1d0\">Hej, jag heter Thomas och \u00e4r en professionell k\u00f6ks- och inredningsdesigner med \u00f6ver tio \u00e5rs erfarenhet av att skapa funktionella och stilrena utrymmen. Sedan 2011 har jag hj\u00e4lpt mina kunder att f\u00f6rverkliga sina inredningsdr\u00f6mmar och gjort designprocessen smidigare och enklare.<\/p>\n\n\n\n<p class=\"has-contrast-color has-text-color has-link-color wp-elements-18f1a3d87876c1588bc745760e81c0a5\">Jag f\u00f6rst\u00e5r att det finns m\u00e5nga beslut att fatta n\u00e4r det g\u00e4ller att designa ett k\u00f6k eller en interi\u00f6r, och mitt m\u00e5l \u00e4r att g\u00f6ra dessa val l\u00e4ttare f\u00f6r dig. Med ett skarpt \u00f6ga f\u00f6r detaljer och en djup kunskap om material, planl\u00f6sningar och trender guidar jag mina kunder genom varje steg f\u00f6r att s\u00e4kerst\u00e4lla ett resultat som \u00e4r b\u00e5de vackert och praktiskt.<\/p>\n\n\n\n<p class=\"has-contrast-color has-text-color has-link-color wp-elements-3f237cf4f01ebd1293be8822ae5b0172\">Oavsett om du planerar en renovering, bygger nytt eller bara beh\u00f6ver professionell r\u00e5dgivning, finns jag h\u00e4r f\u00f6r att hj\u00e4lpa dig att skapa ett utrymme som passar din stil och dina behov. L\u00e5t oss designa n\u00e5got fantastiskt\u00a0tillsammans!<\/p>\n<\/div><\/div>\n\n\n\n<hr class=\"wp-block-separator has-alpha-channel-opacity is-style-dots\"\/>\n\n<\/section>","protected":false},"excerpt":{"rendered":"<p>The details are not the details. They make the design. Me toteutamme unelmasi Meilt\u00e4 saat &#8230; <a title=\"Framsida\" class=\"read-more\" href=\"https:\/\/wasadesign.fi\/sv\/\" aria-label=\"L\u00e4s mer om Etusivu\">L\u00e4s mer<\/a><\/p>","protected":false},"author":1,"featured_media":0,"parent":0,"menu_order":0,"comment_status":"closed","ping_status":"closed","template":"","meta":{"footnotes":""},"class_list":["post-2","page","type-page","status-publish"],"_links":{"self":[{"href":"https:\/\/wasadesign.fi\/sv\/wp-json\/wp\/v2\/pages\/2","targetHints":{"allow":["GET"]}}],"collection":[{"href":"https:\/\/wasadesign.fi\/sv\/wp-json\/wp\/v2\/pages"}],"about":[{"href":"https:\/\/wasadesign.fi\/sv\/wp-json\/wp\/v2\/types\/page"}],"author":[{"embeddable":true,"href":"https:\/\/wasadesign.fi\/sv\/wp-json\/wp\/v2\/users\/1"}],"replies":[{"embeddable":true,"href":"https:\/\/wasadesign.fi\/sv\/wp-json\/wp\/v2\/comments?post=2"}],"version-history":[{"count":65,"href":"https:\/\/wasadesign.fi\/sv\/wp-json\/wp\/v2\/pages\/2\/revisions"}],"predecessor-version":[{"id":1272,"href":"https:\/\/wasadesign.fi\/sv\/wp-json\/wp\/v2\/pages\/2\/revisions\/1272"}],"wp:attachment":[{"href":"https:\/\/wasadesign.fi\/sv\/wp-json\/wp\/v2\/media?parent=2"}],"curies":[{"name":"wp","href":"https:\/\/api.w.org\/{rel}","templated":true}]}}