{"id":33,"date":"2021-12-08T20:33:27","date_gmt":"2021-12-08T20:33:27","guid":{"rendered":"https:\/\/gpsites.co\/construction\/?page_id=33"},"modified":"2025-02-11T10:34:59","modified_gmt":"2025-02-11T10:34:59","slug":"palvelut","status":"publish","type":"page","link":"https:\/\/wasadesign.fi\/sv\/palvelut\/","title":{"rendered":"Tj\u00e4nster"},"content":{"rendered":"<section class=\"gb-container gb-container-9a442c70\">\n<div class=\"gb-grid-wrapper gb-grid-wrapper-7fb0f988\">\n<div class=\"gb-grid-column gb-grid-column-a0081700\"><div class=\"gb-container gb-container-a0081700\">\n\n<div class=\"wp-block-media-text is-stacked-on-mobile is-image-fill-element\" style=\"grid-template-columns:24% auto\"><figure class=\"wp-block-media-text__media\"><img loading=\"lazy\" decoding=\"async\" width=\"600\" height=\"600\" src=\"https:\/\/wasadesign.fi\/wp-content\/uploads\/2024\/12\/puustelli-vaasa-asennus.jpg\" alt=\"\" class=\"wp-image-1054 size-full\" style=\"object-position:50% 50%\" srcset=\"https:\/\/wasadesign.fi\/wp-content\/uploads\/2024\/12\/puustelli-vaasa-asennus.jpg 600w, https:\/\/wasadesign.fi\/wp-content\/uploads\/2024\/12\/puustelli-vaasa-asennus-300x300.jpg 300w, https:\/\/wasadesign.fi\/wp-content\/uploads\/2024\/12\/puustelli-vaasa-asennus-150x150.jpg 150w\" sizes=\"auto, (max-width: 600px) 100vw, 600px\" \/><\/figure><div class=\"wp-block-media-text__content\">\n<h2 class=\"gb-headline gb-headline-a0977716 gb-headline-text\">Monteringstj\u00e4nster<\/h2>\n\n\n\n<p>Vi erbjuder montering av k\u00f6k och annan fast inredning. V\u00e5ra egna mont\u00f6rer \u00e4r har l\u00e5ng erfarenhet av att montera fast inredning och g\u00f6r ett mycket noggrant arbete.  Vi f\u00e4rdigst\u00e4ller alltid noggranna monteringsritningar och samarbetet mellan planerare och mont\u00f6r \u00e4r v\u00e4lslipat f\u00f6r att uppn\u00e5 \u00f6nskat slutresultat. <\/p>\n\n\n\n<p>Vi erbjuder \u00e4ven elektriker och r\u00f6rmokare.<\/p>\n\n\n\n<p>V\u00e5ra monteringstj\u00e4nster \u00e4r avdragbara i beskattningen f\u00f6r privatpersoner, s\u00e5 kallat hush\u00e5llsavdrag.<\/p>\n<\/div><\/div>\n\n\n\n<hr class=\"wp-block-separator has-alpha-channel-opacity is-style-dots\"\/>\n\n\n\n<div class=\"wp-block-media-text has-media-on-the-right is-stacked-on-mobile is-image-fill-element has-base-2-background-color has-background\" style=\"grid-template-columns:auto 24%\"><div class=\"wp-block-media-text__content\">\n<h2 class=\"gb-headline gb-headline-2faa01d2 gb-headline-text\">Byggteknisk inredningsplanering<\/h2>\n\n\n\n<p>\u00c4r du i startgroparna f\u00f6r ett nybygge eller en omfattande renovering? Fast inredning som k\u00f6k, hj\u00e4lpk\u00f6k och garderober \u00e4r en stor och inte minst viktig del av husets helhet och beh\u00f6ver tas i beaktande redan vid planeringskedet f\u00f6r ritningar och bygglov. Vi \u00e4r g\u00e4rna med i ert byggprojekt redan fr\u00e5n f\u00f6rsta b\u00f6rjan fram till inflytt, och tiotals \u00e5r fram\u00f6ver i form av inredning i ert hus.<\/p>\n\n\n\n<p>I v\u00e5r byggtekniska planeringstj\u00e4nst ser vi tillsammans med kunden p\u00e5 planl\u00f6sning och genom kundens \u00f6nskem\u00e5l g\u00f6rs en en teknisk planering f\u00f6r husets fasta inredning. En v\u00e4l genomt\u00e4nkt planl\u00f6sning samt placering av vatten och avlopp, f\u00f6nster och d\u00f6rrar samt avst\u00e5nd och mellanv\u00e4ggarnas placering h\u00e4nger starkt ihop med hur man sen kan f\u00f6rverkliga den fasta inredning i ett hus. N\u00e4r vi redan innan bygget \u00e4r p\u00e5b\u00f6rjat noggrant g\u00e5r genom detta undviker vi tr\u00e5kiga \u00f6verraskningar senare i byggprojektet.<\/p>\n<\/div><figure class=\"wp-block-media-text__media\"><img loading=\"lazy\" decoding=\"async\" width=\"600\" height=\"600\" src=\"https:\/\/wasadesign.fi\/wp-content\/uploads\/2024\/12\/5.jpg\" alt=\"\" class=\"wp-image-1045 size-full\" style=\"object-position:50% 50%\" srcset=\"https:\/\/wasadesign.fi\/wp-content\/uploads\/2024\/12\/5.jpg 600w, https:\/\/wasadesign.fi\/wp-content\/uploads\/2024\/12\/5-300x300.jpg 300w, https:\/\/wasadesign.fi\/wp-content\/uploads\/2024\/12\/5-150x150.jpg 150w\" sizes=\"auto, (max-width: 600px) 100vw, 600px\" \/><\/figure><\/div>\n\n\n\n<hr class=\"wp-block-separator has-alpha-channel-opacity is-style-dots\"\/>\n\n\n\n<div class=\"wp-block-media-text is-stacked-on-mobile is-image-fill-element\" style=\"grid-template-columns:27% auto\"><figure class=\"wp-block-media-text__media\"><img loading=\"lazy\" decoding=\"async\" width=\"600\" height=\"600\" src=\"https:\/\/wasadesign.fi\/wp-content\/uploads\/2024\/12\/puustelli-vaasa-asennus.jpg\" alt=\"\" class=\"wp-image-1054 size-full\" style=\"object-position:50% 50%\" srcset=\"https:\/\/wasadesign.fi\/wp-content\/uploads\/2024\/12\/puustelli-vaasa-asennus.jpg 600w, https:\/\/wasadesign.fi\/wp-content\/uploads\/2024\/12\/puustelli-vaasa-asennus-300x300.jpg 300w, https:\/\/wasadesign.fi\/wp-content\/uploads\/2024\/12\/puustelli-vaasa-asennus-150x150.jpg 150w\" sizes=\"auto, (max-width: 600px) 100vw, 600px\" \/><\/figure><div class=\"wp-block-media-text__content\">\n<h2 class=\"gb-headline gb-headline-8241296a gb-headline-text\">Vi skapar utrymmen enligt personliga trender<\/h2>\n\n\n\n<p>Wasa Design erbjuder bygg- och renoveringstj\u00e4nster i\u00a0\u00d6sterbotten  Vi tar fram id\u00e9er och f\u00e4rdiga planer f\u00f6r enskilda rum eller f\u00f6r hela byggnaden. Storleken p\u00e5 projektet spelar ingen roll och vi skr\u00e4ddarsyr paketet enligt dina \u00f6nskem\u00e5l.<\/p>\n\n\n\n<p>Inredningsplanering kan handla om stora linjedragningar f\u00f6r v\u00e4ggar, golv och tak eller om detaljerade ritningar som ocks\u00e5 inneh\u00e5ller best\u00e4llningar, produkter, textilier och projektledning.<\/p>\n\n\n\n<p>Vi verkst\u00e4ller de visioner du har inom utvald budget och tidsram. V\u00e5rt koncept bygger p\u00e5 h\u00e5llbara och innovativa l\u00f6sningar som g\u00f6r vardagen lite trevligare! Vi p\u00e5b\u00f6rjar v\u00e5rt samarbete med ett m\u00f6te d\u00e4r vi friskt bollar id\u00e9er och tillsammans tittar p\u00e5 utrymmet som beh\u00f6ver piffas till. Utg\u00e5ende fr\u00e5n dina \u00f6nskem\u00e5l och din vision ger jag en realistisk offert och en tydlig prisbild.<\/p>\n<\/div><\/div>\n\n\n\n<hr class=\"wp-block-separator has-alpha-channel-opacity is-style-dots\"\/>\n\n\n\n<div class=\"wp-block-media-text has-media-on-the-right is-stacked-on-mobile is-image-fill-element has-base-2-background-color has-background\" style=\"grid-template-columns:auto 15%\"><div class=\"wp-block-media-text__content\">\n<h2 class=\"gb-headline gb-headline-e6c4ac5e gb-headline-text\">Fast inredning och kompletterande produkter<\/h2>\n\n\n\n<p>Wasa Design s\u00e4ljer fast inredning f\u00f6r alla rum och milj\u00f6er. Vi har l\u00e5ng erfarenhet av f\u00f6rs\u00e4ljning och planering och kan bland annat erbjuda fast inredning till k\u00f6k, hj\u00e4lpk\u00f6k, badrum, wc, kl\u00e4df\u00f6rvaring eller andra typer av m\u00f6bler enligt kundens eget \u00f6nskem\u00e5l.<\/p>\n\n\n\n<p>Vi \u00e4r \u00e4ven \u00e5terf\u00f6rs\u00e4ljare av flera olika m\u00e4rken av hush\u00e5llsmaskiner och till\u00e4ggsprodukter s\u00e5 som kranar, duschar, diskhoar, belysning mm.<\/p>\n\n\n\n<p><\/p>\n<\/div><figure class=\"wp-block-media-text__media\"><img loading=\"lazy\" decoding=\"async\" width=\"800\" height=\"600\" src=\"https:\/\/wasadesign.fi\/wp-content\/uploads\/2024\/12\/badrum-01.jpg\" alt=\"\" class=\"wp-image-1049 size-full\" style=\"object-position:50% 50%\" srcset=\"https:\/\/wasadesign.fi\/wp-content\/uploads\/2024\/12\/badrum-01.jpg 800w, https:\/\/wasadesign.fi\/wp-content\/uploads\/2024\/12\/badrum-01-300x225.jpg 300w, https:\/\/wasadesign.fi\/wp-content\/uploads\/2024\/12\/badrum-01-768x576.jpg 768w\" sizes=\"auto, (max-width: 800px) 100vw, 800px\" \/><\/figure><\/div>\n\n<\/div><\/div>\n<\/div>\n<\/section>","protected":false},"excerpt":{"rendered":"","protected":false},"author":1,"featured_media":0,"parent":0,"menu_order":0,"comment_status":"closed","ping_status":"closed","template":"","meta":{"footnotes":""},"class_list":["post-33","page","type-page","status-publish"],"_links":{"self":[{"href":"https:\/\/wasadesign.fi\/sv\/wp-json\/wp\/v2\/pages\/33","targetHints":{"allow":["GET"]}}],"collection":[{"href":"https:\/\/wasadesign.fi\/sv\/wp-json\/wp\/v2\/pages"}],"about":[{"href":"https:\/\/wasadesign.fi\/sv\/wp-json\/wp\/v2\/types\/page"}],"author":[{"embeddable":true,"href":"https:\/\/wasadesign.fi\/sv\/wp-json\/wp\/v2\/users\/1"}],"replies":[{"embeddable":true,"href":"https:\/\/wasadesign.fi\/sv\/wp-json\/wp\/v2\/comments?post=33"}],"version-history":[{"count":4,"href":"https:\/\/wasadesign.fi\/sv\/wp-json\/wp\/v2\/pages\/33\/revisions"}],"predecessor-version":[{"id":1165,"href":"https:\/\/wasadesign.fi\/sv\/wp-json\/wp\/v2\/pages\/33\/revisions\/1165"}],"wp:attachment":[{"href":"https:\/\/wasadesign.fi\/sv\/wp-json\/wp\/v2\/media?parent=33"}],"curies":[{"name":"wp","href":"https:\/\/api.w.org\/{rel}","templated":true}]}}